{"id":194,"date":"2025-06-30T20:57:40","date_gmt":"2025-06-30T18:57:40","guid":{"rendered":"https:\/\/llggeneticsseedsbank.com\/?page_id=194"},"modified":"2025-06-30T21:05:19","modified_gmt":"2025-06-30T19:05:19","slug":"descargo-de-responsabilidad","status":"publish","type":"page","link":"https:\/\/llggeneticsseedsbank.com\/index.php\/descargo-de-responsabilidad\/","title":{"rendered":"DESCARGO DE RESPONSABILIDAD"},"content":{"rendered":"\n<p class=\"has-text-align-center\"><strong>LLAMAS GROW GENETICS SEED BANK VENDE SEMILLAS DEDICADAS EXCLI\u00c7USIVAMANTE PARA EL COLECCIONISMO<\/strong><\/p>\n\n\n\n<p class=\"has-text-align-center\"><strong><strong><strong>LLAMAS GROW GENETICS SEED BANK ES SOLO Y EXCLUSIVAMENTE PARA PERSONAS MAYORES DE EDAD, SI NO ERES MAYOR DE EDAD TE ACONSEJAMOS QUE ABANDONES ESTA WEB.<\/strong><\/strong><\/strong><br><br><strong><strong>LLAMAS GROW GENETICS SEED BANK <\/strong> no vende en su web, ni semillas de cannabis germinadas, ni esquejes, ni plantas de marihuana, ni absolutamente nada que esta fuera de la ley, los \u00fanicos art\u00edculos relacionados con el cannabis son\u00a0las propias semillas de c\u00e1\u00f1amo, cuya venta es solo y exclusivamente para\u00a0el estudio\u00a0y\u00a0el coleccionismo.<\/strong><\/p>\n\n\n\n<p><strong><strong>LLAMAS GROW GENETICS SEED BANK <\/strong> no se hace responsable de los malos usos realizados con las semillas que comercializa. Y ruega a los menores de edad se abstengan de acceder a los contenidos de esta web.<\/strong><\/p>\n\n\n\n<p><strong>Un mal uso de estas semillas puede desembocar en conflictos con la legalidad vigente en los pa\u00edses de importaci\u00f3n.<\/strong><br><br><strong><strong>LLAMAS GROW GENETICS SEED BANK <\/strong> con su tienda on line quiere favorecer el uso responsable de todos los art\u00edculos que el cliente puede adquirir en la web.<\/strong><\/p>\n\n\n\n<p><strong><strong>LLAMAS GROW GENETICS SEED BANK <\/strong> no realiza, en ning\u00fan caso, env\u00edo de semillas de cannabis a aquellos pa\u00edses cuya legislaci\u00f3n no lo permita.<\/strong><\/p>\n\n\n\n<p>Enviamos semillas con la restricci\u00f3n de que no sean utilizadas por terceros en contra de la ley, <strong>LLAMAS GROW GENETICS SEED BANK <\/strong> no propone inducir a nadie a actuar contra la ley. Con esto se\u00f1alamos expl\u00edcitamente que\u00a0<strong>cualquiera que compre semillas es responsable de sus futuros actos. Cualquier ilegalidad que cometa el cliente con las semillas de c\u00e1\u00f1amo es bajo su responsabilidad.<\/strong><br><br><strong>La germinaci\u00f3n de semillas de ca\u00f1amo y su cultivo no est\u00e1n permitidos por la ley.<\/strong><\/p>\n\n\n\n<p><strong>El cultivo de cannabis en Espa\u00f1a puede ser objeto de sanciones administrativas y penales<\/strong><\/p>\n\n\n\n<p><a href=\"https:\/\/www.boe.es\/diario_boe\/txt.php?id=BOE-A-2015-3442\" target=\"_blank\" rel=\"noreferrer noopener\">LEY ORG\u00c1NICA DE PROTECCI\u00d3N DE LA SEGURIDAD CIUDADANA<\/a><\/p>\n\n\n\n<p><a href=\"https:\/\/www.boe.es\/buscar\/act.php?id=BOE-A-1995-25444\" target=\"_blank\" rel=\"noreferrer noopener\">ART. 368 DEL C\u00d3DIGO PENAL<\/a><\/p>\n\n\n\n<p>En el Estado espa\u00f1ol&nbsp;<strong>las semillas de cannabis no est\u00e1n catalogadas como sustancias estupefacientes y su tenencia, venta y comercializaci\u00f3n no son actos constitutivos de delito<\/strong>, no est\u00e1n regulados por la Ley.&nbsp;<strong>La posesi\u00f3n de semillas de c\u00e1\u00f1amo en Espa\u00f1a no es constitutiva de delito como ya fue reconocido por la fiscal\u00eda del Tribunal Supremo.<\/strong><br><br><strong>La Convenci\u00f3n \u00danica de 1961 sobre Estupefacientes, firmada en Nueva York el 30 de marzo y modificada por el Protocolo de Ginebra de 25 de marzo de 1972, ratificada por el Estado espa\u00f1ol,<\/strong>&nbsp;incluye en las Listas I y IV de estupefacientes sometidos a fiscalizaci\u00f3n internacional el cannabis, su resina, sus extractos y sus tinturas, y&nbsp;<strong>excluye expresamente las semillas de la planta del cannabis de las sustancias estupefacientes sometidas a fiscalizaci\u00f3n internacional.<\/strong><\/p>\n\n\n\n<p><a href=\"https:\/\/www.boe.es\/buscar\/doc.php?id=BOE-A-1981-25650\" target=\"_blank\" rel=\"noreferrer noopener\">CONVENCI\u00d3N \u00daNICA DE 1961 SOBRE ESTUPEFACIENTES<\/a><br><\/p>\n\n\n\n<p>Es deber de los usuarios y las usuarias conocer les leyes vigentes en sus pa\u00edses.<br>Legislaciones de pa\u00edses como&nbsp;<strong>EEUU, Canad\u00e1, M\u00e9xico, Australia, Francia, Alemania y algunos pa\u00edses asi\u00e1ticos entre otros, proh\u00edben y sancionan la compra, venta, posesi\u00f3n o tenencia de semillas de cannabis.<\/strong><\/p>\n\n\n\n<p>Ante la imposibilidad de conocer las legislaciones de todos los pa\u00edses,&nbsp;<strong>rogamos se informen debidamente y est\u00e9n totalmente seguros de los t\u00e9rminos recogidos sobre el particular en la legislaci\u00f3n de su pa\u00eds antes de realizar un pedido.<\/strong><\/p>\n\n\n\n<p><a href=\"https:\/\/www.boe.es\/buscar\/doc.php?id=BOE-A-2004-2225\" target=\"_blank\" rel=\"noreferrer noopener\">ORDEN SCO\/190\/2004, DE 28 DE ENERO, POR LA QUE SE ESTABLECE LA LISTA DE PLANTAS CUYA VENTA AL P\u00daBLICO QUEDA PROHIBIDA<\/a> <a href=\"https:\/\/www.boe.es\/buscar\/doc.php?id=BOE-A-2004-2225\" target=\"_blank\" rel=\"noreferrer noopener\">O RESTRINGIDA POR RAZ\u00d3N DE SU TOXICIDAD<\/a><\/p>\n\n\n\n<p><a href=\"https:\/\/www.boe.es\/diario_boe\/txt.php?id=BOE-A-2008-3304\" target=\"_blank\" rel=\"noreferrer noopener\">ORDEN ITC\/426\/2008, DE 13 DE FEBRERO, SOBRE R\u00c9GIMEN DE CONTROL DE IMPORTACI\u00d3N DE SEMILLAS DE C\u00c1\u00d1AMO NO DESTINADAS<\/a> <a href=\"https:\/\/www.boe.es\/diario_boe\/txt.php?id=BOE-A-2008-3304\" target=\"_blank\" rel=\"noreferrer noopener\">A LA SIEMBRA<\/a><\/p>\n\n\n\n<p><strong>Mas Informaci\u00f3n sobre LA LEGALIDAD DEL CANNABIS:<\/strong>&nbsp;<a href=\"https:\/\/es.wikipedia.org\/wiki\/Legalidad_del_cannabis\" target=\"_blank\" rel=\"noreferrer noopener\">AQUI<\/a><\/p>\n","protected":false},"excerpt":{"rendered":"<p>LLAMAS GROW GENETICS SEED BANK VENDE SEMILLAS DEDICADAS EXCLI\u00c7USIVAMANTE PARA EL COLECCIONISMO LLAMAS GROW GENETICS SEED BANK ES SOLO Y EXCLUSIVAMENTE PARA PERSONAS MAYORES DE EDAD, SI NO ERES MAYOR DE EDAD TE ACONSEJAMOS QUE ABANDONES ESTA WEB. LLAMAS GROW GENETICS SEED BANK no vende en su web, ni semillas de cannabis germinadas, ni esquejes, [&hellip;]<\/p>\n","protected":false},"author":1,"featured_media":0,"parent":0,"menu_order":0,"comment_status":"closed","ping_status":"closed","template":"","meta":{"_joinchat":[],"footnotes":""},"class_list":["post-194","page","type-page","status-publish","hentry"],"yoast_head":"<!-- This site is optimized with the Yoast SEO Premium plugin v25.4 (Yoast SEO v27.5) - https:\/\/yoast.com\/product\/yoast-seo-premium-wordpress\/ -->\n<title>DESCARGO DE RESPONSABILIDAD - Llamas Grow Genetics Seeds Bank<\/title>\n<meta name=\"robots\" content=\"index, follow, max-snippet:-1, max-image-preview:large, max-video-preview:-1\" \/>\n<link rel=\"canonical\" href=\"https:\/\/llggeneticsseedsbank.com\/index.php\/descargo-de-responsabilidad\/\" \/>\n<meta property=\"og:locale\" content=\"es_ES\" \/>\n<meta property=\"og:type\" content=\"article\" \/>\n<meta property=\"og:title\" content=\"DESCARGO DE RESPONSABILIDAD\" \/>\n<meta property=\"og:description\" content=\"LLAMAS GROW GENETICS SEED BANK VENDE SEMILLAS DEDICADAS EXCLI\u00c7USIVAMANTE PARA EL COLECCIONISMO LLAMAS GROW GENETICS SEED BANK ES SOLO Y EXCLUSIVAMENTE PARA PERSONAS MAYORES DE EDAD, SI NO ERES MAYOR DE EDAD TE ACONSEJAMOS QUE ABANDONES ESTA WEB. LLAMAS GROW GENETICS SEED BANK no vende en su web, ni semillas de cannabis germinadas, ni esquejes, [&hellip;]\" \/>\n<meta property=\"og:url\" content=\"https:\/\/llggeneticsseedsbank.com\/index.php\/descargo-de-responsabilidad\/\" \/>\n<meta property=\"og:site_name\" content=\"Llamas Grow Genetics Seeds Bank\" \/>\n<meta property=\"article:modified_time\" content=\"2025-06-30T19:05:19+00:00\" \/>\n<meta name=\"twitter:card\" content=\"summary_large_image\" \/>\n<meta name=\"twitter:label1\" content=\"Tiempo de lectura\" \/>\n\t<meta name=\"twitter:data1\" content=\"3 minutos\" \/>\n<script type=\"application\/ld+json\" class=\"yoast-schema-graph\">{\"@context\":\"https:\\\/\\\/schema.org\",\"@graph\":[{\"@type\":\"WebPage\",\"@id\":\"https:\\\/\\\/llggeneticsseedsbank.com\\\/index.php\\\/descargo-de-responsabilidad\\\/\",\"url\":\"https:\\\/\\\/llggeneticsseedsbank.com\\\/index.php\\\/descargo-de-responsabilidad\\\/\",\"name\":\"DESCARGO DE RESPONSABILIDAD - Llamas Grow Genetics Seeds Bank\",\"isPartOf\":{\"@id\":\"https:\\\/\\\/llggeneticsseedsbank.com\\\/#website\"},\"datePublished\":\"2025-06-30T18:57:40+00:00\",\"dateModified\":\"2025-06-30T19:05:19+00:00\",\"breadcrumb\":{\"@id\":\"https:\\\/\\\/llggeneticsseedsbank.com\\\/index.php\\\/descargo-de-responsabilidad\\\/#breadcrumb\"},\"inLanguage\":\"es\",\"potentialAction\":[{\"@type\":\"ReadAction\",\"target\":[\"https:\\\/\\\/llggeneticsseedsbank.com\\\/index.php\\\/descargo-de-responsabilidad\\\/\"]}]},{\"@type\":\"BreadcrumbList\",\"@id\":\"https:\\\/\\\/llggeneticsseedsbank.com\\\/index.php\\\/descargo-de-responsabilidad\\\/#breadcrumb\",\"itemListElement\":[{\"@type\":\"ListItem\",\"position\":1,\"name\":\"Portada\",\"item\":\"https:\\\/\\\/llggeneticsseedsbank.com\\\/\"},{\"@type\":\"ListItem\",\"position\":2,\"name\":\"DESCARGO DE RESPONSABILIDAD\"}]},{\"@type\":\"WebSite\",\"@id\":\"https:\\\/\\\/llggeneticsseedsbank.com\\\/#website\",\"url\":\"https:\\\/\\\/llggeneticsseedsbank.com\\\/\",\"name\":\"Llamas Grow Genetics Seeds Bank\",\"description\":\"Gen\u00e9ticas exclusivas\",\"potentialAction\":[{\"@type\":\"SearchAction\",\"target\":{\"@type\":\"EntryPoint\",\"urlTemplate\":\"https:\\\/\\\/llggeneticsseedsbank.com\\\/?s={search_term_string}\"},\"query-input\":{\"@type\":\"PropertyValueSpecification\",\"valueRequired\":true,\"valueName\":\"search_term_string\"}}],\"inLanguage\":\"es\"}]}<\/script>\n<!-- \/ Yoast SEO Premium plugin. -->","yoast_head_json":{"title":"DESCARGO DE RESPONSABILIDAD - Llamas Grow Genetics Seeds Bank","robots":{"index":"index","follow":"follow","max-snippet":"max-snippet:-1","max-image-preview":"max-image-preview:large","max-video-preview":"max-video-preview:-1"},"canonical":"https:\/\/llggeneticsseedsbank.com\/index.php\/descargo-de-responsabilidad\/","og_locale":"es_ES","og_type":"article","og_title":"DESCARGO DE RESPONSABILIDAD","og_description":"LLAMAS GROW GENETICS SEED BANK VENDE SEMILLAS DEDICADAS EXCLI\u00c7USIVAMANTE PARA EL COLECCIONISMO LLAMAS GROW GENETICS SEED BANK ES SOLO Y EXCLUSIVAMENTE PARA PERSONAS MAYORES DE EDAD, SI NO ERES MAYOR DE EDAD TE ACONSEJAMOS QUE ABANDONES ESTA WEB. LLAMAS GROW GENETICS SEED BANK no vende en su web, ni semillas de cannabis germinadas, ni esquejes, [&hellip;]","og_url":"https:\/\/llggeneticsseedsbank.com\/index.php\/descargo-de-responsabilidad\/","og_site_name":"Llamas Grow Genetics Seeds Bank","article_modified_time":"2025-06-30T19:05:19+00:00","twitter_card":"summary_large_image","twitter_misc":{"Tiempo de lectura":"3 minutos"},"schema":{"@context":"https:\/\/schema.org","@graph":[{"@type":"WebPage","@id":"https:\/\/llggeneticsseedsbank.com\/index.php\/descargo-de-responsabilidad\/","url":"https:\/\/llggeneticsseedsbank.com\/index.php\/descargo-de-responsabilidad\/","name":"DESCARGO DE RESPONSABILIDAD - Llamas Grow Genetics Seeds Bank","isPartOf":{"@id":"https:\/\/llggeneticsseedsbank.com\/#website"},"datePublished":"2025-06-30T18:57:40+00:00","dateModified":"2025-06-30T19:05:19+00:00","breadcrumb":{"@id":"https:\/\/llggeneticsseedsbank.com\/index.php\/descargo-de-responsabilidad\/#breadcrumb"},"inLanguage":"es","potentialAction":[{"@type":"ReadAction","target":["https:\/\/llggeneticsseedsbank.com\/index.php\/descargo-de-responsabilidad\/"]}]},{"@type":"BreadcrumbList","@id":"https:\/\/llggeneticsseedsbank.com\/index.php\/descargo-de-responsabilidad\/#breadcrumb","itemListElement":[{"@type":"ListItem","position":1,"name":"Portada","item":"https:\/\/llggeneticsseedsbank.com\/"},{"@type":"ListItem","position":2,"name":"DESCARGO DE RESPONSABILIDAD"}]},{"@type":"WebSite","@id":"https:\/\/llggeneticsseedsbank.com\/#website","url":"https:\/\/llggeneticsseedsbank.com\/","name":"Llamas Grow Genetics Seeds Bank","description":"Gen\u00e9ticas exclusivas","potentialAction":[{"@type":"SearchAction","target":{"@type":"EntryPoint","urlTemplate":"https:\/\/llggeneticsseedsbank.com\/?s={search_term_string}"},"query-input":{"@type":"PropertyValueSpecification","valueRequired":true,"valueName":"search_term_string"}}],"inLanguage":"es"}]}},"_links":{"self":[{"href":"https:\/\/llggeneticsseedsbank.com\/index.php\/wp-json\/wp\/v2\/pages\/194","targetHints":{"allow":["GET"]}}],"collection":[{"href":"https:\/\/llggeneticsseedsbank.com\/index.php\/wp-json\/wp\/v2\/pages"}],"about":[{"href":"https:\/\/llggeneticsseedsbank.com\/index.php\/wp-json\/wp\/v2\/types\/page"}],"author":[{"embeddable":true,"href":"https:\/\/llggeneticsseedsbank.com\/index.php\/wp-json\/wp\/v2\/users\/1"}],"replies":[{"embeddable":true,"href":"https:\/\/llggeneticsseedsbank.com\/index.php\/wp-json\/wp\/v2\/comments?post=194"}],"version-history":[{"count":5,"href":"https:\/\/llggeneticsseedsbank.com\/index.php\/wp-json\/wp\/v2\/pages\/194\/revisions"}],"predecessor-version":[{"id":203,"href":"https:\/\/llggeneticsseedsbank.com\/index.php\/wp-json\/wp\/v2\/pages\/194\/revisions\/203"}],"wp:attachment":[{"href":"https:\/\/llggeneticsseedsbank.com\/index.php\/wp-json\/wp\/v2\/media?parent=194"}],"curies":[{"name":"wp","href":"https:\/\/api.w.org\/{rel}","templated":true}]}}